{"id":282624,"date":"2025-05-15T14:12:58","date_gmt":"2025-05-15T12:12:58","guid":{"rendered":"https:\/\/pole-nautique-soustons-plage.com\/?page_id=282624"},"modified":"2025-05-15T14:13:46","modified_gmt":"2025-05-15T12:13:46","slug":"conditions-generales-de-vente","status":"publish","type":"page","link":"https:\/\/pole-nautique-soustons-plage.com\/en\/conditions-generales-de-vente\/","title":{"rendered":"Conditions G\u00e9n\u00e9rales de Vente"},"content":{"rendered":"<p>[et_pb_section fb_built=\u00a0\u00bb1&Prime; next_background_color=\u00a0\u00bb#ffffff\u00a0\u00bb _builder_version=\u00a0\u00bb4.27.4&Prime; _module_preset=\u00a0\u00bbdefault\u00a0\u00bb use_background_color_gradient=\u00a0\u00bbon\u00a0\u00bb background_color_gradient_stops=\u00a0\u00bbrgba(0,0,0,0.3) 0%|rgba(0,0,0,0.3) 100%\u00a0\u00bb background_color_gradient_overlays_image=\u00a0\u00bbon\u00a0\u00bb background_image=\u00a0\u00bbhttps:\/\/pole-nautique-soustons-plage.com\/wp-content\/uploads\/2025\/05\/soustons_plage.webp\u00a0\u00bb custom_padding=\u00a0\u00bb||||false|false\u00a0\u00bb bottom_divider_style=\u00a0\u00bbwave2&Prime; bottom_divider_repeat=\u00a0\u00bb1x\u00a0\u00bb hover_enabled=\u00a0\u00bb0&Prime; global_colors_info=\u00a0\u00bb{}\u00a0\u00bb theme_builder_area=\u00a0\u00bbpost_content\u00a0\u00bb title_text=\u00a0\u00bbsoustons_plage\u00a0\u00bb sticky_enabled=\u00a0\u00bb0&Prime;][et_pb_row _builder_version=\u00a0\u00bb4.27.2&Prime; _module_preset=\u00a0\u00bbdefault\u00a0\u00bb custom_padding=\u00a0\u00bb110px||110px||true|false\u00a0\u00bb global_colors_info=\u00a0\u00bb{}\u00a0\u00bb theme_builder_area=\u00a0\u00bbpost_content\u00a0\u00bb][et_pb_column type=\u00a0\u00bb4_4&Prime; _builder_version=\u00a0\u00bb4.27.2&Prime; _module_preset=\u00a0\u00bbdefault\u00a0\u00bb global_colors_info=\u00a0\u00bb{}\u00a0\u00bb theme_builder_area=\u00a0\u00bbpost_content\u00a0\u00bb][et_pb_text _builder_version=\u00a0\u00bb4.27.4&Prime; text_font=\u00a0\u00bb||||||||\u00a0\u00bb text_font_size=\u00a0\u00bb16px\u00a0\u00bb text_line_height=\u00a0\u00bb2em\u00a0\u00bb ul_font=\u00a0\u00bb||||||||\u00a0\u00bb ol_font=\u00a0\u00bb||||||||\u00a0\u00bb header_font=\u00a0\u00bbRubik|500||on|||||\u00a0\u00bb header_text_align=\u00a0\u00bbcenter\u00a0\u00bb header_text_color=\u00a0\u00bb#FFFFFF\u00a0\u00bb header_font_size=\u00a0\u00bb52px\u00a0\u00bb header_line_height=\u00a0\u00bb1.2em\u00a0\u00bb header_2_font=\u00a0\u00bb||||||||\u00a0\u00bb header_3_font=\u00a0\u00bb||||||||\u00a0\u00bb header_4_font=\u00a0\u00bb||||||||\u00a0\u00bb header_5_font=\u00a0\u00bb||||||||\u00a0\u00bb header_6_font=\u00a0\u00bb||||||||\u00a0\u00bb hover_enabled=\u00a0\u00bb0&Prime; header_font_size_tablet=\u00a0\u00bb42px\u00a0\u00bb header_font_size_phone=\u00a0\u00bb32px\u00a0\u00bb header_font_size_last_edited=\u00a0\u00bbon|desktop\u00a0\u00bb global_colors_info=\u00a0\u00bb{}\u00a0\u00bb theme_builder_area=\u00a0\u00bbpost_content\u00a0\u00bb sticky_enabled=\u00a0\u00bb0&Prime;]<\/p>\n<h1>Conditions G\u00e9n\u00e9rales de Vente<\/h1>\n<p>[\/et_pb_text][\/et_pb_column][\/et_pb_row][\/et_pb_section][et_pb_section fb_built=\u00a0\u00bb1&Prime; theme_builder_area=\u00a0\u00bbpost_content\u00a0\u00bb _builder_version=\u00a0\u00bb4.27.4&Prime; _module_preset=\u00a0\u00bbdefault\u00a0\u00bb][et_pb_row _builder_version=\u00a0\u00bb4.27.4&Prime; _module_preset=\u00a0\u00bbdefault\u00a0\u00bb theme_builder_area=\u00a0\u00bbpost_content\u00a0\u00bb][et_pb_column _builder_version=\u00a0\u00bb4.27.4&Prime; _module_preset=\u00a0\u00bbdefault\u00a0\u00bb type=\u00a0\u00bb4_4&Prime; theme_builder_area=\u00a0\u00bbpost_content\u00a0\u00bb][et_pb_text _builder_version=\u00a0\u00bb4.27.4&Prime; _module_preset=\u00a0\u00bbdefault\u00a0\u00bb theme_builder_area=\u00a0\u00bbpost_content\u00a0\u00bb hover_enabled=\u00a0\u00bb0&Prime; sticky_enabled=\u00a0\u00bb0&Prime;]<\/p>\n<p><span>Le solde doit \u00eatre r\u00e9gl\u00e9 le jour d\u2019entr\u00e9e en stage.<\/span><br \/><span>Tout stage commenc\u00e9 ne sera pas rembours\u00e9. L\u2019\u00e9cole se r\u00e9serve le droit d\u2019annuler le stage si un minimum de trois personnes n\u2019est pas atteint. Toute annulation, par le stagiaire intervenant dans les 15 jours pr\u00e9c\u00e9dant la date retenue entra\u00eenera l\u2019encaissement des arrhes.<\/span><br \/><span>Le stagiaire est responsable du mat\u00e9riel en cas de perte, vol ou d\u00e9t\u00e9rioration.<\/span><br \/><span>Les \u00e9l\u00e8ves doivent avoir une assurance responsabilit\u00e9 civile individuelle couvrant la pratique du surf, savoir nager 15 m\u00e8tres et ne pas avoir de contre-indications m\u00e9dicales \u00e0 la pratique du surf.<\/span><br \/><span>Je reconnais avoir \u00e9t\u00e9 inform\u00e9 de mon int\u00e9r\u00eat \u00e0 souscrire \u00e0 un contrat d\u2019assurance, ayant pour objet de proposer une garantie forfaitaire en cas de dommage corporel.<\/span><br \/><span>J\u2019autorise le Pole Nautique de Soustons plage \u00e0 utiliser les photos et\/ou films qui auront pu \u00eatre fait durant mon stage dans la limite de la promotion de l\u2019\u00e9cole de surf. Mon image ne pourra en aucun cas \u00eatre revendue ou utilis\u00e9e par des tiers.<\/span><br \/><span>En cas de conditions de mer difficile,le P\u00f4le Nautique de Soustons plage se r\u00e9serve le droit de remplacer une s\u00e9ance de surf par un cours th\u00e9orique.<\/span><br \/><span>L\u2019inscription implique l\u2019adh\u00e9sion \u00e0 nos conditions.<\/span><\/p>\n<p>[\/et_pb_text][\/et_pb_column][\/et_pb_row][\/et_pb_section]<\/p>","protected":false},"excerpt":{"rendered":"<p>Conditions G\u00e9n\u00e9rales de VenteLe solde doit \u00eatre r\u00e9gl\u00e9 le jour d\u2019entr\u00e9e en stage.Tout stage commenc\u00e9 ne sera pas rembours\u00e9. L\u2019\u00e9cole se r\u00e9serve le droit d\u2019annuler le stage si un minimum de trois personnes n\u2019est pas atteint. Toute annulation, par le stagiaire intervenant dans les 15 jours pr\u00e9c\u00e9dant la date retenue entra\u00eenera l\u2019encaissement des arrhes.Le stagiaire [&hellip;]<\/p>","protected":false},"author":1,"featured_media":0,"parent":0,"menu_order":0,"comment_status":"closed","ping_status":"closed","template":"","meta":{"_et_pb_use_builder":"on","_et_pb_old_content":"","_et_gb_content_width":"","footnotes":""},"class_list":["post-282624","page","type-page","status-publish","hentry"],"yoast_head":"<!-- This site is optimized with the Yoast SEO plugin v26.8 - https:\/\/yoast.com\/product\/yoast-seo-wordpress\/ -->\n<title>Conditions G\u00e9n\u00e9rales de Vente - P\u00f4le Nautique de Soustons Plage | Landes<\/title>\n<meta name=\"robots\" content=\"index, follow, max-snippet:-1, max-image-preview:large, max-video-preview:-1\" \/>\n<link rel=\"canonical\" href=\"https:\/\/pole-nautique-soustons-plage.com\/en\/conditions-generales-de-vente\/\" \/>\n<meta property=\"og:locale\" content=\"en_US\" \/>\n<meta property=\"og:type\" content=\"article\" \/>\n<meta property=\"og:title\" content=\"Conditions G\u00e9n\u00e9rales de Vente - P\u00f4le Nautique de Soustons Plage | Landes\" \/>\n<meta property=\"og:description\" content=\"Conditions G\u00e9n\u00e9rales de VenteLe solde doit \u00eatre r\u00e9gl\u00e9 le jour d\u2019entr\u00e9e en stage.Tout stage commenc\u00e9 ne sera pas rembours\u00e9. L\u2019\u00e9cole se r\u00e9serve le droit d\u2019annuler le stage si un minimum de trois personnes n\u2019est pas atteint. Toute annulation, par le stagiaire intervenant dans les 15 jours pr\u00e9c\u00e9dant la date retenue entra\u00eenera l\u2019encaissement des arrhes.Le stagiaire [&hellip;]\" \/>\n<meta property=\"og:url\" content=\"https:\/\/pole-nautique-soustons-plage.com\/en\/conditions-generales-de-vente\/\" \/>\n<meta property=\"og:site_name\" content=\"P\u00f4le Nautique de Soustons Plage | Landes\" \/>\n<meta property=\"article:publisher\" content=\"https:\/\/www.facebook.com\/centrenautiquesoustons\/\" \/>\n<meta property=\"article:modified_time\" content=\"2025-05-15T12:13:46+00:00\" \/>\n<meta name=\"twitter:card\" content=\"summary_large_image\" \/>\n<script type=\"application\/ld+json\" class=\"yoast-schema-graph\">{\"@context\":\"https:\/\/schema.org\",\"@graph\":[{\"@type\":\"WebPage\",\"@id\":\"https:\/\/pole-nautique-soustons-plage.com\/conditions-generales-de-vente\/\",\"url\":\"https:\/\/pole-nautique-soustons-plage.com\/conditions-generales-de-vente\/\",\"name\":\"Conditions G\u00e9n\u00e9rales de Vente - P\u00f4le Nautique de Soustons Plage | Landes\",\"isPartOf\":{\"@id\":\"https:\/\/pole-nautique-soustons-plage.com\/#website\"},\"datePublished\":\"2025-05-15T12:12:58+00:00\",\"dateModified\":\"2025-05-15T12:13:46+00:00\",\"breadcrumb\":{\"@id\":\"https:\/\/pole-nautique-soustons-plage.com\/conditions-generales-de-vente\/#breadcrumb\"},\"inLanguage\":\"en-US\",\"potentialAction\":[{\"@type\":\"ReadAction\",\"target\":[\"https:\/\/pole-nautique-soustons-plage.com\/conditions-generales-de-vente\/\"]}]},{\"@type\":\"BreadcrumbList\",\"@id\":\"https:\/\/pole-nautique-soustons-plage.com\/conditions-generales-de-vente\/#breadcrumb\",\"itemListElement\":[{\"@type\":\"ListItem\",\"position\":1,\"name\":\"Accueil\",\"item\":\"https:\/\/pole-nautique-soustons-plage.com\/fr\/\"},{\"@type\":\"ListItem\",\"position\":2,\"name\":\"Conditions G\u00e9n\u00e9rales de Vente\"}]},{\"@type\":\"WebSite\",\"@id\":\"https:\/\/pole-nautique-soustons-plage.com\/#website\",\"url\":\"https:\/\/pole-nautique-soustons-plage.com\/\",\"name\":\"P\u00f4le Nautique de Soustons Plage | Landes\",\"description\":\"\",\"potentialAction\":[{\"@type\":\"SearchAction\",\"target\":{\"@type\":\"EntryPoint\",\"urlTemplate\":\"https:\/\/pole-nautique-soustons-plage.com\/?s={search_term_string}\"},\"query-input\":{\"@type\":\"PropertyValueSpecification\",\"valueRequired\":true,\"valueName\":\"search_term_string\"}}],\"inLanguage\":\"en-US\"}]}<\/script>\n<!-- \/ Yoast SEO plugin. -->","yoast_head_json":{"title":"Conditions G\u00e9n\u00e9rales de Vente - P\u00f4le Nautique de Soustons Plage | Landes","robots":{"index":"index","follow":"follow","max-snippet":"max-snippet:-1","max-image-preview":"max-image-preview:large","max-video-preview":"max-video-preview:-1"},"canonical":"https:\/\/pole-nautique-soustons-plage.com\/en\/conditions-generales-de-vente\/","og_locale":"en_US","og_type":"article","og_title":"Conditions G\u00e9n\u00e9rales de Vente - P\u00f4le Nautique de Soustons Plage | Landes","og_description":"Conditions G\u00e9n\u00e9rales de VenteLe solde doit \u00eatre r\u00e9gl\u00e9 le jour d\u2019entr\u00e9e en stage.Tout stage commenc\u00e9 ne sera pas rembours\u00e9. L\u2019\u00e9cole se r\u00e9serve le droit d\u2019annuler le stage si un minimum de trois personnes n\u2019est pas atteint. Toute annulation, par le stagiaire intervenant dans les 15 jours pr\u00e9c\u00e9dant la date retenue entra\u00eenera l\u2019encaissement des arrhes.Le stagiaire [&hellip;]","og_url":"https:\/\/pole-nautique-soustons-plage.com\/en\/conditions-generales-de-vente\/","og_site_name":"P\u00f4le Nautique de Soustons Plage | Landes","article_publisher":"https:\/\/www.facebook.com\/centrenautiquesoustons\/","article_modified_time":"2025-05-15T12:13:46+00:00","twitter_card":"summary_large_image","schema":{"@context":"https:\/\/schema.org","@graph":[{"@type":"WebPage","@id":"https:\/\/pole-nautique-soustons-plage.com\/conditions-generales-de-vente\/","url":"https:\/\/pole-nautique-soustons-plage.com\/conditions-generales-de-vente\/","name":"Conditions G\u00e9n\u00e9rales de Vente - P\u00f4le Nautique de Soustons Plage | Landes","isPartOf":{"@id":"https:\/\/pole-nautique-soustons-plage.com\/#website"},"datePublished":"2025-05-15T12:12:58+00:00","dateModified":"2025-05-15T12:13:46+00:00","breadcrumb":{"@id":"https:\/\/pole-nautique-soustons-plage.com\/conditions-generales-de-vente\/#breadcrumb"},"inLanguage":"en-US","potentialAction":[{"@type":"ReadAction","target":["https:\/\/pole-nautique-soustons-plage.com\/conditions-generales-de-vente\/"]}]},{"@type":"BreadcrumbList","@id":"https:\/\/pole-nautique-soustons-plage.com\/conditions-generales-de-vente\/#breadcrumb","itemListElement":[{"@type":"ListItem","position":1,"name":"Accueil","item":"https:\/\/pole-nautique-soustons-plage.com\/fr\/"},{"@type":"ListItem","position":2,"name":"Conditions G\u00e9n\u00e9rales de Vente"}]},{"@type":"WebSite","@id":"https:\/\/pole-nautique-soustons-plage.com\/#website","url":"https:\/\/pole-nautique-soustons-plage.com\/","name":"P\u00f4le Nautique de Soustons Plage | Landes","description":"","potentialAction":[{"@type":"SearchAction","target":{"@type":"EntryPoint","urlTemplate":"https:\/\/pole-nautique-soustons-plage.com\/?s={search_term_string}"},"query-input":{"@type":"PropertyValueSpecification","valueRequired":true,"valueName":"search_term_string"}}],"inLanguage":"en-US"}]}},"_links":{"self":[{"href":"https:\/\/pole-nautique-soustons-plage.com\/en\/wp-json\/wp\/v2\/pages\/282624","targetHints":{"allow":["GET"]}}],"collection":[{"href":"https:\/\/pole-nautique-soustons-plage.com\/en\/wp-json\/wp\/v2\/pages"}],"about":[{"href":"https:\/\/pole-nautique-soustons-plage.com\/en\/wp-json\/wp\/v2\/types\/page"}],"author":[{"embeddable":true,"href":"https:\/\/pole-nautique-soustons-plage.com\/en\/wp-json\/wp\/v2\/users\/1"}],"replies":[{"embeddable":true,"href":"https:\/\/pole-nautique-soustons-plage.com\/en\/wp-json\/wp\/v2\/comments?post=282624"}],"version-history":[{"count":3,"href":"https:\/\/pole-nautique-soustons-plage.com\/en\/wp-json\/wp\/v2\/pages\/282624\/revisions"}],"predecessor-version":[{"id":282627,"href":"https:\/\/pole-nautique-soustons-plage.com\/en\/wp-json\/wp\/v2\/pages\/282624\/revisions\/282627"}],"wp:attachment":[{"href":"https:\/\/pole-nautique-soustons-plage.com\/en\/wp-json\/wp\/v2\/media?parent=282624"}],"curies":[{"name":"wp","href":"https:\/\/api.w.org\/{rel}","templated":true}]}}