{"id":281882,"date":"2025-05-02T10:12:13","date_gmt":"2025-05-02T08:12:13","guid":{"rendered":"https:\/\/pole-nautique-soustons-plage.com\/?page_id=281882"},"modified":"2025-05-15T14:42:22","modified_gmt":"2025-05-15T12:42:22","slug":"mentions-legales","status":"publish","type":"page","link":"https:\/\/pole-nautique-soustons-plage.com\/fr\/mentions-legales\/","title":{"rendered":"Mentions l\u00e9gales"},"content":{"rendered":"<p>[et_pb_section fb_built=\u00a0\u00bb1&Prime; next_background_color=\u00a0\u00bb#ffffff\u00a0\u00bb _builder_version=\u00a0\u00bb4.27.4&Prime; _module_preset=\u00a0\u00bbdefault\u00a0\u00bb use_background_color_gradient=\u00a0\u00bbon\u00a0\u00bb background_color_gradient_stops=\u00a0\u00bbrgba(0,0,0,0.3) 0%|rgba(0,0,0,0.3) 100%\u00a0\u00bb background_color_gradient_overlays_image=\u00a0\u00bbon\u00a0\u00bb background_image=\u00a0\u00bbhttps:\/\/pole-nautique-soustons-plage.com\/wp-content\/uploads\/2025\/05\/soustons_plage.webp\u00a0\u00bb custom_padding=\u00a0\u00bb||||false|false\u00a0\u00bb bottom_divider_style=\u00a0\u00bbwave2&Prime; bottom_divider_repeat=\u00a0\u00bb1x\u00a0\u00bb global_colors_info=\u00a0\u00bb{}\u00a0\u00bb][et_pb_row _builder_version=\u00a0\u00bb4.27.2&Prime; _module_preset=\u00a0\u00bbdefault\u00a0\u00bb custom_padding=\u00a0\u00bb110px||110px||true|false\u00a0\u00bb global_colors_info=\u00a0\u00bb{}\u00a0\u00bb][et_pb_column type=\u00a0\u00bb4_4&Prime; _builder_version=\u00a0\u00bb4.27.2&Prime; _module_preset=\u00a0\u00bbdefault\u00a0\u00bb global_colors_info=\u00a0\u00bb{}\u00a0\u00bb][et_pb_text _builder_version=\u00a0\u00bb4.27.4&Prime; text_font=\u00a0\u00bb||||||||\u00a0\u00bb text_font_size=\u00a0\u00bb16px\u00a0\u00bb text_line_height=\u00a0\u00bb2em\u00a0\u00bb ul_font=\u00a0\u00bb||||||||\u00a0\u00bb ol_font=\u00a0\u00bb||||||||\u00a0\u00bb header_font=\u00a0\u00bbRubik|500||on|||||\u00a0\u00bb header_text_align=\u00a0\u00bbcenter\u00a0\u00bb header_text_color=\u00a0\u00bb#FFFFFF\u00a0\u00bb header_font_size=\u00a0\u00bb52px\u00a0\u00bb header_line_height=\u00a0\u00bb1.2em\u00a0\u00bb header_2_font=\u00a0\u00bb||||||||\u00a0\u00bb header_3_font=\u00a0\u00bb||||||||\u00a0\u00bb header_4_font=\u00a0\u00bb||||||||\u00a0\u00bb header_5_font=\u00a0\u00bb||||||||\u00a0\u00bb header_6_font=\u00a0\u00bb||||||||\u00a0\u00bb header_font_size_tablet=\u00a0\u00bb42px\u00a0\u00bb header_font_size_phone=\u00a0\u00bb32px\u00a0\u00bb header_font_size_last_edited=\u00a0\u00bbon|desktop\u00a0\u00bb global_colors_info=\u00a0\u00bb{}\u00a0\u00bb]<\/p>\n<h1>Mentions l\u00e9gales<\/h1>\n<p>[\/et_pb_text][\/et_pb_column][\/et_pb_row][\/et_pb_section][et_pb_section fb_built=\u00a0\u00bb1&Prime; _builder_version=\u00a0\u00bb4.27.4&Prime; _module_preset=\u00a0\u00bbdefault\u00a0\u00bb global_colors_info=\u00a0\u00bb{}\u00a0\u00bb][et_pb_row _builder_version=\u00a0\u00bb4.27.4&Prime; _module_preset=\u00a0\u00bbdefault\u00a0\u00bb global_colors_info=\u00a0\u00bb{}\u00a0\u00bb][et_pb_column type=\u00a0\u00bb4_4&Prime; _builder_version=\u00a0\u00bb4.27.4&Prime; _module_preset=\u00a0\u00bbdefault\u00a0\u00bb global_colors_info=\u00a0\u00bb{}\u00a0\u00bb][et_pb_text _builder_version=\u00a0\u00bb4.27.4&Prime; _module_preset=\u00a0\u00bbdefault\u00a0\u00bb hover_enabled=\u00a0\u00bb0&Prime; global_colors_info=\u00a0\u00bb{}\u00a0\u00bb sticky_enabled=\u00a0\u00bb0&Prime;]<\/p>\n<div class=\"elementor-element elementor-element-271a041 animation_type_block sc_fly_static elementor-widget elementor-widget-trx_sc_title trx_addons_parallax_layers_inited trx_addons_parallax_blocks_inited animated printy-fadeinup\" data-id=\"271a041\" data-element_type=\"widget\" data-settings=\"{&quot;_animation&quot;:&quot;printy-fadeinup&quot;}\" data-widget_type=\"trx_sc_title.default\">\n<div class=\"elementor-widget-container\">\n<div class=\"sc_title sc_title_default\">\n<p class=\"sc_item_title sc_title_title sc_item_title_style_default sc_item_title_tag\">Conform\u00e9ment aux dispositions de la loi n\u00b0 2004-575 du 21 juin 2004 pour la confiance en l\u2019\u00e9conomie num\u00e9rique, il est pr\u00e9cis\u00e9 aux utilisateurs du site pole-nautique-soustons-plage.com l\u2019identit\u00e9 des diff\u00e9rents intervenants dans le cadre de sa r\u00e9alisation et de son suivi.<\/p>\n<h4 class=\"sc_item_title sc_title_title sc_item_title_style_default sc_item_title_tag\"><strong><br \/>Edition du site<\/strong><\/h4>\n<\/div>\n<\/div>\n<\/div>\n<div class=\"elementor-element elementor-element-b68f9ec animation_type_block sc_fly_static elementor-widget elementor-widget-text-editor trx_addons_parallax_layers_inited trx_addons_parallax_blocks_inited animated printy-fadeinup\" data-id=\"b68f9ec\" data-element_type=\"widget\" data-settings=\"{&quot;_animation&quot;:&quot;printy-fadeinup&quot;,&quot;_animation_delay&quot;:100}\" data-widget_type=\"text-editor.default\">\n<div class=\"elementor-widget-container\">\n<p>CENTRE DE FORMATION NAUTIQUE DE SOUSTONS &#8211; POLE NAUTIQUE DE SOUSTONS PLAGE<\/p>\n<p>Adresse : LOCAL SURF, AVENUE DE LA PETRE, 40140 SOUSTONS<br \/>Siret : 44019422300028<br \/>E-mail :\u00a0<a href=\"mailto:pnsp-direction@orange.fr\">pnsp-direction@orange.fr<\/a><br \/>Directeur de publication : Axel Pawutiak<\/p>\n<h4><strong>R\u00e9alisation Site Web<\/strong><\/h4>\n<p>Lucas GUYOT &#8211; <a href=\"https:\/\/need2see.fr\/\" target=\"_blank\" rel=\"noopener\">www.need2see.fr<\/a><\/p>\n<h4><strong>H\u00e9bergement<\/strong><\/h4>\n<p>OVH<br \/>SAS au capital de 10 174 560 \u20ac<br \/>RCS Lille M\u00e9tropole 424 761 419 00045<br \/>Code APE 2620Z<br \/>N\u00b0 TVA : FR 22 424 761 419<br \/>Si\u00e8ge social : 2 rue Kellermann \u2013 59100 Roubaix \u2013 France<\/p>\n<h4><strong>Droits d\u2019auteur et propri\u00e9t\u00e9 intellectuelle<\/strong><\/h4>\n<p>L\u2019ensemble de ce site rel\u00e8ve de la l\u00e9gislation fran\u00e7aise et internationale sur les droits d\u2019auteur et la propri\u00e9t\u00e9 intellectuelle. Tous les droits de reproduction sont r\u00e9serv\u00e9s. La reproduction de tout ou partie de ce site sur quelque support que ce soit est formellement interdite sauf autorisation expresse et pr\u00e9alable du directeur de la publication.<\/p>\n<h4><strong>Donn\u00e9es personnelles<\/strong><\/h4>\n<p>Le site <b>pole-nautique-soustons-plage.com <\/b>n\u2019enregistre pas d\u2019informations personnelles permettant l\u2019identification, \u00e0 l\u2019exception des formulaires que l\u2019utilisateur est libre de remplir. Les informations recueillies sur ce site b\u00e9n\u00e9ficient de la protection du r\u00e8glement europ\u00e9en sur la protection des donn\u00e9es (RGPD). Conform\u00e9ment \u00e0 la l\u00e9gislation en vigueur, elles font l\u2019objet d\u2019un traitement loyal, r\u00e9pondant aux obligations de finalit\u00e9, de pertinence, de dur\u00e9e de conservation, de droits des personnes, de s\u00e9curit\u00e9 et de documentation.<br \/>Ceci implique notamment que les donn\u00e9es personnelles collect\u00e9es b\u00e9n\u00e9ficient d\u2019un droit d\u2019acc\u00e8s, de rectification, d\u2019opposition \u00e0 communication et de suppression sur simple demande par email \u00e0\u00a0<a href=\"mailto:pnsp-direction@orange.fr\">pnsp-direction@orange.fr<\/a>.<\/p>\n<p>Ces informations ne seront pas utilis\u00e9es sans votre accord. Nous les utiliserons seulement pour vous adresser des courriers, des brochures, des devis ou vous contacter.<\/p>\n<\/div>\n<\/div>\n<p>[\/et_pb_text][\/et_pb_column][\/et_pb_row][\/et_pb_section]<\/p>\n","protected":false},"excerpt":{"rendered":"<p>Mentions l\u00e9gales Conform\u00e9ment aux dispositions de la loi n\u00b0 2004-575 du 21 juin 2004 pour la confiance en l\u2019\u00e9conomie num\u00e9rique, il est pr\u00e9cis\u00e9 aux utilisateurs du site pole-nautique-soustons-plage.com l\u2019identit\u00e9 des diff\u00e9rents intervenants dans le cadre de sa r\u00e9alisation et de son suivi. Edition du site CENTRE DE FORMATION NAUTIQUE DE SOUSTONS &#8211; POLE NAUTIQUE DE [&hellip;]<\/p>\n","protected":false},"author":1,"featured_media":0,"parent":0,"menu_order":0,"comment_status":"closed","ping_status":"closed","template":"","meta":{"_et_pb_use_builder":"on","_et_pb_old_content":"","_et_gb_content_width":"","footnotes":""},"class_list":["post-281882","page","type-page","status-publish","hentry"],"yoast_head":"<!-- This site is optimized with the Yoast SEO plugin v26.8 - https:\/\/yoast.com\/product\/yoast-seo-wordpress\/ -->\n<title>Mentions l\u00e9gales - P\u00f4le Nautique de Soustons Plage | Landes<\/title>\n<meta name=\"robots\" content=\"index, follow, max-snippet:-1, max-image-preview:large, max-video-preview:-1\" \/>\n<link rel=\"canonical\" href=\"https:\/\/pole-nautique-soustons-plage.com\/fr\/mentions-legales\/\" \/>\n<meta property=\"og:locale\" content=\"fr_FR\" \/>\n<meta property=\"og:type\" content=\"article\" \/>\n<meta property=\"og:title\" content=\"Mentions l\u00e9gales - P\u00f4le Nautique de Soustons Plage | Landes\" \/>\n<meta property=\"og:description\" content=\"Mentions l\u00e9gales Conform\u00e9ment aux dispositions de la loi n\u00b0 2004-575 du 21 juin 2004 pour la confiance en l\u2019\u00e9conomie num\u00e9rique, il est pr\u00e9cis\u00e9 aux utilisateurs du site pole-nautique-soustons-plage.com l\u2019identit\u00e9 des diff\u00e9rents intervenants dans le cadre de sa r\u00e9alisation et de son suivi. Edition du site CENTRE DE FORMATION NAUTIQUE DE SOUSTONS - POLE NAUTIQUE DE [&hellip;]\" \/>\n<meta property=\"og:url\" content=\"https:\/\/pole-nautique-soustons-plage.com\/fr\/mentions-legales\/\" \/>\n<meta property=\"og:site_name\" content=\"P\u00f4le Nautique de Soustons Plage | Landes\" \/>\n<meta property=\"article:publisher\" content=\"https:\/\/www.facebook.com\/centrenautiquesoustons\/\" \/>\n<meta property=\"article:modified_time\" content=\"2025-05-15T12:42:22+00:00\" \/>\n<meta name=\"twitter:card\" content=\"summary_large_image\" \/>\n<script type=\"application\/ld+json\" class=\"yoast-schema-graph\">{\"@context\":\"https:\/\/schema.org\",\"@graph\":[{\"@type\":\"WebPage\",\"@id\":\"https:\/\/pole-nautique-soustons-plage.com\/mentions-legales\/\",\"url\":\"https:\/\/pole-nautique-soustons-plage.com\/mentions-legales\/\",\"name\":\"Mentions l\u00e9gales - P\u00f4le Nautique de Soustons Plage | Landes\",\"isPartOf\":{\"@id\":\"https:\/\/pole-nautique-soustons-plage.com\/#website\"},\"datePublished\":\"2025-05-02T08:12:13+00:00\",\"dateModified\":\"2025-05-15T12:42:22+00:00\",\"breadcrumb\":{\"@id\":\"https:\/\/pole-nautique-soustons-plage.com\/mentions-legales\/#breadcrumb\"},\"inLanguage\":\"fr-FR\",\"potentialAction\":[{\"@type\":\"ReadAction\",\"target\":[\"https:\/\/pole-nautique-soustons-plage.com\/mentions-legales\/\"]}]},{\"@type\":\"BreadcrumbList\",\"@id\":\"https:\/\/pole-nautique-soustons-plage.com\/mentions-legales\/#breadcrumb\",\"itemListElement\":[{\"@type\":\"ListItem\",\"position\":1,\"name\":\"Accueil\",\"item\":\"https:\/\/pole-nautique-soustons-plage.com\/fr\/\"},{\"@type\":\"ListItem\",\"position\":2,\"name\":\"Mentions l\u00e9gales\"}]},{\"@type\":\"WebSite\",\"@id\":\"https:\/\/pole-nautique-soustons-plage.com\/#website\",\"url\":\"https:\/\/pole-nautique-soustons-plage.com\/\",\"name\":\"P\u00f4le Nautique de Soustons Plage | Landes\",\"description\":\"\",\"potentialAction\":[{\"@type\":\"SearchAction\",\"target\":{\"@type\":\"EntryPoint\",\"urlTemplate\":\"https:\/\/pole-nautique-soustons-plage.com\/?s={search_term_string}\"},\"query-input\":{\"@type\":\"PropertyValueSpecification\",\"valueRequired\":true,\"valueName\":\"search_term_string\"}}],\"inLanguage\":\"fr-FR\"}]}<\/script>\n<!-- \/ Yoast SEO plugin. -->","yoast_head_json":{"title":"Mentions l\u00e9gales - P\u00f4le Nautique de Soustons Plage | Landes","robots":{"index":"index","follow":"follow","max-snippet":"max-snippet:-1","max-image-preview":"max-image-preview:large","max-video-preview":"max-video-preview:-1"},"canonical":"https:\/\/pole-nautique-soustons-plage.com\/fr\/mentions-legales\/","og_locale":"fr_FR","og_type":"article","og_title":"Mentions l\u00e9gales - P\u00f4le Nautique de Soustons Plage | Landes","og_description":"Mentions l\u00e9gales Conform\u00e9ment aux dispositions de la loi n\u00b0 2004-575 du 21 juin 2004 pour la confiance en l\u2019\u00e9conomie num\u00e9rique, il est pr\u00e9cis\u00e9 aux utilisateurs du site pole-nautique-soustons-plage.com l\u2019identit\u00e9 des diff\u00e9rents intervenants dans le cadre de sa r\u00e9alisation et de son suivi. Edition du site CENTRE DE FORMATION NAUTIQUE DE SOUSTONS - POLE NAUTIQUE DE [&hellip;]","og_url":"https:\/\/pole-nautique-soustons-plage.com\/fr\/mentions-legales\/","og_site_name":"P\u00f4le Nautique de Soustons Plage | Landes","article_publisher":"https:\/\/www.facebook.com\/centrenautiquesoustons\/","article_modified_time":"2025-05-15T12:42:22+00:00","twitter_card":"summary_large_image","schema":{"@context":"https:\/\/schema.org","@graph":[{"@type":"WebPage","@id":"https:\/\/pole-nautique-soustons-plage.com\/mentions-legales\/","url":"https:\/\/pole-nautique-soustons-plage.com\/mentions-legales\/","name":"Mentions l\u00e9gales - P\u00f4le Nautique de Soustons Plage | Landes","isPartOf":{"@id":"https:\/\/pole-nautique-soustons-plage.com\/#website"},"datePublished":"2025-05-02T08:12:13+00:00","dateModified":"2025-05-15T12:42:22+00:00","breadcrumb":{"@id":"https:\/\/pole-nautique-soustons-plage.com\/mentions-legales\/#breadcrumb"},"inLanguage":"fr-FR","potentialAction":[{"@type":"ReadAction","target":["https:\/\/pole-nautique-soustons-plage.com\/mentions-legales\/"]}]},{"@type":"BreadcrumbList","@id":"https:\/\/pole-nautique-soustons-plage.com\/mentions-legales\/#breadcrumb","itemListElement":[{"@type":"ListItem","position":1,"name":"Accueil","item":"https:\/\/pole-nautique-soustons-plage.com\/fr\/"},{"@type":"ListItem","position":2,"name":"Mentions l\u00e9gales"}]},{"@type":"WebSite","@id":"https:\/\/pole-nautique-soustons-plage.com\/#website","url":"https:\/\/pole-nautique-soustons-plage.com\/","name":"P\u00f4le Nautique de Soustons Plage | Landes","description":"","potentialAction":[{"@type":"SearchAction","target":{"@type":"EntryPoint","urlTemplate":"https:\/\/pole-nautique-soustons-plage.com\/?s={search_term_string}"},"query-input":{"@type":"PropertyValueSpecification","valueRequired":true,"valueName":"search_term_string"}}],"inLanguage":"fr-FR"}]}},"_links":{"self":[{"href":"https:\/\/pole-nautique-soustons-plage.com\/fr\/wp-json\/wp\/v2\/pages\/281882","targetHints":{"allow":["GET"]}}],"collection":[{"href":"https:\/\/pole-nautique-soustons-plage.com\/fr\/wp-json\/wp\/v2\/pages"}],"about":[{"href":"https:\/\/pole-nautique-soustons-plage.com\/fr\/wp-json\/wp\/v2\/types\/page"}],"author":[{"embeddable":true,"href":"https:\/\/pole-nautique-soustons-plage.com\/fr\/wp-json\/wp\/v2\/users\/1"}],"replies":[{"embeddable":true,"href":"https:\/\/pole-nautique-soustons-plage.com\/fr\/wp-json\/wp\/v2\/comments?post=281882"}],"version-history":[{"count":4,"href":"https:\/\/pole-nautique-soustons-plage.com\/fr\/wp-json\/wp\/v2\/pages\/281882\/revisions"}],"predecessor-version":[{"id":282628,"href":"https:\/\/pole-nautique-soustons-plage.com\/fr\/wp-json\/wp\/v2\/pages\/281882\/revisions\/282628"}],"wp:attachment":[{"href":"https:\/\/pole-nautique-soustons-plage.com\/fr\/wp-json\/wp\/v2\/media?parent=281882"}],"curies":[{"name":"wp","href":"https:\/\/api.w.org\/{rel}","templated":true}]}}